{"id":15,"date":"2022-02-19T12:57:19","date_gmt":"2022-02-19T11:57:19","guid":{"rendered":"http:\/\/mecasols.com\/?page_id=15"},"modified":"2022-11-08T10:36:10","modified_gmt":"2022-11-08T09:36:10","slug":"beaux-portfolios-pour-des-creatifs-exceptionnels","status":"publish","type":"page","link":"https:\/\/mecasols.com\/","title":{"rendered":""},"content":{"rendered":"\n<div class=\"wp-block-group\"><div class=\"wp-block-group__inner-container is-layout-flow wp-block-group-is-layout-flow\">\n<h2 class=\"has-text-align-center titre-hp has-text-color has-medium-font-size wp-block-heading\" style=\"color:#2f457e\">Conception &amp; r\u00e9alisation de sols industriels &#8211; dallages, maintenance &amp; r\u00e9paration.<\/h2>\n<\/div><\/div>\n\n\n\n<div class=\"wp-block-group has-text-color has-background\" style=\"color:#a07942;background-color:#2f457e\"><div class=\"wp-block-group__inner-container is-layout-flow wp-block-group-is-layout-flow\">\n<h2 class=\"has-text-align-center pad1 wp-block-heading\">Pr\u00e9sentation<\/h2>\n\n\n\n<div class=\"wp-block-columns is-layout-flex wp-container-core-columns-is-layout-9d6595d7 wp-block-columns-is-layout-flex\">\n<div class=\"wp-block-column is-layout-flow wp-block-column-is-layout-flow\" style=\"flex-basis:100%\">\n<div class=\"wp-block-group alignwide texte-prez-hp has-white-color has-text-color has-background\" style=\"background-color:#2f457e\"><div class=\"wp-block-group__inner-container is-layout-flow wp-block-group-is-layout-flow\">\n<p class=\"has-text-align-center has-white-color has-text-color has-background\" style=\"background-color:#2f457e\">MECASOLS est une entreprise sp\u00e9cialis\u00e9e dans la conception &amp; r\u00e9alisation de sols industriels &#8211; dallages, dans leur maintenance &amp; leur r\u00e9paration.<\/p>\n\n\n\n<p class=\"has-text-align-center has-white-color has-text-color has-background\" style=\"background-color:#2f457e\">Comp\u00e9tents, tant dans l&rsquo;analyse des contraintes d&rsquo;exploitation que dans l&rsquo;organisation et le suivi des op\u00e9rations de petites \u00e0 tr\u00e8s grandes tailles, nous sommes \u00e0 votre disposition pour vous proposer des solutions adapt\u00e9es sur simple consultation.<\/p>\n\n\n\n<p class=\"has-text-align-center has-white-color has-text-color has-background\" style=\"background-color:#2f457e\">Le respect de la norme NF DTU 13.3 nous r\u00e9gissant, qui vient de faire peau neuve avec sa r\u00e9vision de D\u00e9cembre 2021, et les r\u00e8gles de l&rsquo;art sont nos fils directeurs.<\/p>\n\n\n\n<p class=\"has-text-align-center has-white-color has-text-color has-background\" style=\"background-color:#2f457e\">Notre zone de chalandise est le quart Centre-Est de la France avec une possibilit\u00e9 de d\u00e9placement sur l&rsquo;ensemble du territoire fran\u00e7ais pour les plus grands projets.<\/p>\n<\/div><\/div>\n<\/div>\n<\/div>\n\n\n\n<div class=\"wp-block-buttons is-content-justification-center is-layout-flex wp-container-core-buttons-is-layout-16018d1d wp-block-buttons-is-layout-flex\">\n<div class=\"wp-block-button has-custom-font-size is-style-fill has-medium-font-size\"><a class=\"wp-block-button__link has-white-color has-text-color has-background wp-element-button\" href=\"https:\/\/mecasols.com\/index.php\/nos-services\/\" style=\"background-color:#a07942\"><strong>Nos Services<br>Cliquez ici &gt;&gt;&gt;<\/strong><\/a><\/div>\n<\/div>\n\n\n\n<div style=\"height:80px\" aria-hidden=\"true\" class=\"wp-block-spacer\"><\/div>\n<\/div><\/div>\n\n\n\n<div style=\"height:35px\" aria-hidden=\"true\" class=\"wp-block-spacer\"><\/div>\n\n\n<div class=\"wp-block-image is-style-default\">\n<figure class=\"aligncenter size-full is-resized\"><img loading=\"lazy\" decoding=\"async\" src=\"https:\/\/mecasols.com\/wp-content\/uploads\/2022\/03\/logo-ffb-new.png\" alt=\"\" class=\"wp-image-384\" width=\"250\" height=\"120\" srcset=\"https:\/\/mecasols.com\/wp-content\/uploads\/2022\/03\/logo-ffb-new.png 443w, https:\/\/mecasols.com\/wp-content\/uploads\/2022\/03\/logo-ffb-new-300x145.png 300w, https:\/\/mecasols.com\/wp-content\/uploads\/2022\/03\/logo-ffb-new-124x60.png 124w\" sizes=\"auto, (max-width: 250px) 100vw, 250px\" \/><\/figure>\n<\/div>\n\n\n<h2 class=\"has-text-align-center has-text-color wp-block-heading\" style=\"color:#a07942\">Nous contacter<\/h2>\n\n\n\n<p class=\"has-text-align-center\">Vous avez un projet qui n\u00e9cessite la r\u00e9alisation d&rsquo;un sol en b\u00e9ton de type dallage non arm\u00e9, arm\u00e9, fibr\u00e9 ou encore \u00e0 vocation d\u00e9corative comme les b\u00e9tons d\u00e9sactiv\u00e9s, sabl\u00e9s ou bouchard\u00e9s?<\/p>\n\n\n\n<p class=\"has-text-align-center\">Laissez nous \u00e9tudier celui-ci. Nous vous proposerons la solution m\u00e9caniquement et \u00e9conomiquement la plus viable tout en prenant en compte les contraintes de localisation et d&rsquo;utilisation de votre futur ouvrage.<\/p>\n\n\n\n<div class=\"wp-block-contact-form-7-contact-form-selector\"><div role=\"form\" class=\"wpcf7\" id=\"wpcf7-f73-o1\" lang=\"fr-FR\" dir=\"ltr\">\n<div class=\"screen-reader-response\"><p role=\"status\" aria-live=\"polite\" aria-atomic=\"true\"><\/p> <ul><\/ul><\/div>\n<form action=\"\/index.php\/wp-json\/wp\/v2\/pages\/15#wpcf7-f73-o1\" method=\"post\" class=\"wpcf7-form init\" novalidate=\"novalidate\" data-status=\"init\">\n<div style=\"display: none;\">\n<input type=\"hidden\" name=\"_wpcf7\" value=\"73\" \/>\n<input type=\"hidden\" name=\"_wpcf7_version\" value=\"5.5.6\" \/>\n<input type=\"hidden\" name=\"_wpcf7_locale\" value=\"fr_FR\" \/>\n<input type=\"hidden\" name=\"_wpcf7_unit_tag\" value=\"wpcf7-f73-o1\" \/>\n<input type=\"hidden\" name=\"_wpcf7_container_post\" value=\"0\" \/>\n<input type=\"hidden\" name=\"_wpcf7_posted_data_hash\" value=\"\" \/>\n<\/div>\n<p><label> Votre nom *<br \/>\n    <span class=\"wpcf7-form-control-wrap your-name\"><input type=\"text\" name=\"your-name\" value=\"\" size=\"40\" class=\"wpcf7-form-control wpcf7-text wpcf7-validates-as-required\" aria-required=\"true\" aria-invalid=\"false\" \/><\/span> <\/label><\/p>\n<p><label> Votre e-mail *<br \/>\n    <span class=\"wpcf7-form-control-wrap your-email\"><input type=\"email\" name=\"your-email\" value=\"\" size=\"40\" class=\"wpcf7-form-control wpcf7-text wpcf7-email wpcf7-validates-as-required wpcf7-validates-as-email\" aria-required=\"true\" aria-invalid=\"false\" \/><\/span> <\/label><\/p>\n<p><label> Votre t\u00e9l\u00e9phone<br \/>\n    <span class=\"wpcf7-form-control-wrap tel-487\"><input type=\"tel\" name=\"tel-487\" value=\"\" size=\"40\" class=\"wpcf7-form-control wpcf7-text wpcf7-tel wpcf7-validates-as-tel\" aria-invalid=\"false\" \/><\/span> <\/label><\/p>\n<p><label> Votre message *<br \/>\n    <span class=\"wpcf7-form-control-wrap your-message\"><textarea name=\"your-message\" cols=\"40\" rows=\"10\" class=\"wpcf7-form-control wpcf7-textarea\" aria-invalid=\"false\"><\/textarea><\/span> <\/label><\/p>\n<p><div id=\"cf7sr-69e36280d73b2\" class=\"cf7sr-g-recaptcha\" data-sitekey=\"6LfGJ8ceAAAAAKqHuw0W1AjXTboOBwnWmAPlDpxq\"><\/div><span class=\"wpcf7-form-control-wrap cf7sr-recaptcha\" data-name=\"cf7sr-recaptcha\"><input type=\"hidden\" name=\"cf7sr-recaptcha\" value=\"\" class=\"wpcf7-form-control\"><\/span><\/p>\n<p><input type=\"submit\" value=\"Envoyer\" class=\"wpcf7-form-control has-spinner wpcf7-submit\" \/><\/p>\n<div class=\"wpcf7-response-output\" aria-hidden=\"true\"><\/div><\/form><\/div><\/div>\n","protected":false},"excerpt":{"rendered":"<p>Conception &amp; r\u00e9alisation de sols industriels &#8211; dallages, maintenance &amp; r\u00e9paration. Pr\u00e9sentation MECASOLS est une entreprise sp\u00e9cialis\u00e9e dans la conception &amp; r\u00e9alisation de sols industriels &hellip; <\/p>\n","protected":false},"author":1,"featured_media":0,"parent":0,"menu_order":0,"comment_status":"closed","ping_status":"closed","template":"","meta":{"footnotes":""},"class_list":["post-15","page","type-page","status-publish","hentry"],"yoast_head":"<!-- This site is optimized with the Yoast SEO plugin v18.3 - https:\/\/yoast.com\/wordpress\/plugins\/seo\/ -->\n<title>- Mecasols - Conception &amp; r\u00e9alisation de sols industriels - Dallages &amp; b\u00e9ton de sols d\u00e9coratifs<\/title>\n<meta name=\"robots\" content=\"index, follow, max-snippet:-1, max-image-preview:large, max-video-preview:-1\" \/>\n<link rel=\"canonical\" href=\"https:\/\/mecasols.com\/\" \/>\n<meta property=\"og:locale\" content=\"fr_FR\" \/>\n<meta property=\"og:type\" content=\"article\" \/>\n<meta property=\"og:title\" content=\"- Mecasols - Conception &amp; r\u00e9alisation de sols industriels - Dallages &amp; b\u00e9ton de sols d\u00e9coratifs\" \/>\n<meta property=\"og:description\" content=\"Conception &amp; r\u00e9alisation de sols industriels &#8211; dallages, maintenance &amp; r\u00e9paration. Pr\u00e9sentation MECASOLS est une entreprise sp\u00e9cialis\u00e9e dans la conception &amp; r\u00e9alisation de sols industriels &hellip;\" \/>\n<meta property=\"og:url\" content=\"https:\/\/mecasols.com\/\" \/>\n<meta property=\"og:site_name\" content=\"Mecasols - Conception &amp; r\u00e9alisation de sols industriels - Dallages &amp; b\u00e9ton de sols d\u00e9coratifs\" \/>\n<meta property=\"article:modified_time\" content=\"2022-11-08T09:36:10+00:00\" \/>\n<meta property=\"og:image\" content=\"https:\/\/mecasols.com\/wp-content\/uploads\/2022\/03\/logo-ffb-new.png\" \/>\n<meta name=\"twitter:card\" content=\"summary_large_image\" \/>\n<meta name=\"twitter:label1\" content=\"Dur\u00e9e de lecture estim\u00e9e\" \/>\n\t<meta name=\"twitter:data1\" content=\"2 minutes\" \/>\n<script type=\"application\/ld+json\" class=\"yoast-schema-graph\">{\"@context\":\"https:\/\/schema.org\",\"@graph\":[{\"@type\":\"WebSite\",\"@id\":\"https:\/\/mecasols.com\/#website\",\"url\":\"https:\/\/mecasols.com\/\",\"name\":\"Mecasols - Conception &amp; r\u00e9alisation de sols industriels - Dallages &amp; b\u00e9ton de sols d\u00e9coratifs\",\"description\":\"Mecasols -Conception &amp; r\u00e9alisation de sols industriels - Dallages &amp; b\u00e9ton de sols d\u00e9coratifs\",\"potentialAction\":[{\"@type\":\"SearchAction\",\"target\":{\"@type\":\"EntryPoint\",\"urlTemplate\":\"https:\/\/mecasols.com\/?s={search_term_string}\"},\"query-input\":\"required name=search_term_string\"}],\"inLanguage\":\"fr-FR\"},{\"@type\":\"ImageObject\",\"@id\":\"https:\/\/mecasols.com\/#primaryimage\",\"inLanguage\":\"fr-FR\",\"url\":\"https:\/\/mecasols.com\/wp-content\/uploads\/2022\/03\/logo-ffb-new.png\",\"contentUrl\":\"https:\/\/mecasols.com\/wp-content\/uploads\/2022\/03\/logo-ffb-new.png\",\"width\":443,\"height\":214},{\"@type\":\"WebPage\",\"@id\":\"https:\/\/mecasols.com\/#webpage\",\"url\":\"https:\/\/mecasols.com\/\",\"name\":\"- Mecasols - Conception &amp; r\u00e9alisation de sols industriels - Dallages &amp; b\u00e9ton de sols d\u00e9coratifs\",\"isPartOf\":{\"@id\":\"https:\/\/mecasols.com\/#website\"},\"primaryImageOfPage\":{\"@id\":\"https:\/\/mecasols.com\/#primaryimage\"},\"datePublished\":\"2022-02-19T11:57:19+00:00\",\"dateModified\":\"2022-11-08T09:36:10+00:00\",\"breadcrumb\":{\"@id\":\"https:\/\/mecasols.com\/#breadcrumb\"},\"inLanguage\":\"fr-FR\",\"potentialAction\":[{\"@type\":\"ReadAction\",\"target\":[\"https:\/\/mecasols.com\/\"]}]},{\"@type\":\"BreadcrumbList\",\"@id\":\"https:\/\/mecasols.com\/#breadcrumb\",\"itemListElement\":[{\"@type\":\"ListItem\",\"position\":1,\"name\":\"Accueil\",\"item\":\"https:\/\/mecasols.com\/\"},{\"@type\":\"ListItem\",\"position\":2,\"name\":\"\"}]}]}<\/script>\n<!-- \/ Yoast SEO plugin. -->","yoast_head_json":{"title":"- Mecasols - Conception &amp; r\u00e9alisation de sols industriels - Dallages &amp; b\u00e9ton de sols d\u00e9coratifs","robots":{"index":"index","follow":"follow","max-snippet":"max-snippet:-1","max-image-preview":"max-image-preview:large","max-video-preview":"max-video-preview:-1"},"canonical":"https:\/\/mecasols.com\/","og_locale":"fr_FR","og_type":"article","og_title":"- Mecasols - Conception &amp; r\u00e9alisation de sols industriels - Dallages &amp; b\u00e9ton de sols d\u00e9coratifs","og_description":"Conception &amp; r\u00e9alisation de sols industriels &#8211; dallages, maintenance &amp; r\u00e9paration. Pr\u00e9sentation MECASOLS est une entreprise sp\u00e9cialis\u00e9e dans la conception &amp; r\u00e9alisation de sols industriels &hellip;","og_url":"https:\/\/mecasols.com\/","og_site_name":"Mecasols - Conception &amp; r\u00e9alisation de sols industriels - Dallages &amp; b\u00e9ton de sols d\u00e9coratifs","article_modified_time":"2022-11-08T09:36:10+00:00","og_image":[{"url":"https:\/\/mecasols.com\/wp-content\/uploads\/2022\/03\/logo-ffb-new.png"}],"twitter_card":"summary_large_image","twitter_misc":{"Dur\u00e9e de lecture estim\u00e9e":"2 minutes"},"schema":{"@context":"https:\/\/schema.org","@graph":[{"@type":"WebSite","@id":"https:\/\/mecasols.com\/#website","url":"https:\/\/mecasols.com\/","name":"Mecasols - Conception &amp; r\u00e9alisation de sols industriels - Dallages &amp; b\u00e9ton de sols d\u00e9coratifs","description":"Mecasols -Conception &amp; r\u00e9alisation de sols industriels - Dallages &amp; b\u00e9ton de sols d\u00e9coratifs","potentialAction":[{"@type":"SearchAction","target":{"@type":"EntryPoint","urlTemplate":"https:\/\/mecasols.com\/?s={search_term_string}"},"query-input":"required name=search_term_string"}],"inLanguage":"fr-FR"},{"@type":"ImageObject","@id":"https:\/\/mecasols.com\/#primaryimage","inLanguage":"fr-FR","url":"https:\/\/mecasols.com\/wp-content\/uploads\/2022\/03\/logo-ffb-new.png","contentUrl":"https:\/\/mecasols.com\/wp-content\/uploads\/2022\/03\/logo-ffb-new.png","width":443,"height":214},{"@type":"WebPage","@id":"https:\/\/mecasols.com\/#webpage","url":"https:\/\/mecasols.com\/","name":"- Mecasols - Conception &amp; r\u00e9alisation de sols industriels - Dallages &amp; b\u00e9ton de sols d\u00e9coratifs","isPartOf":{"@id":"https:\/\/mecasols.com\/#website"},"primaryImageOfPage":{"@id":"https:\/\/mecasols.com\/#primaryimage"},"datePublished":"2022-02-19T11:57:19+00:00","dateModified":"2022-11-08T09:36:10+00:00","breadcrumb":{"@id":"https:\/\/mecasols.com\/#breadcrumb"},"inLanguage":"fr-FR","potentialAction":[{"@type":"ReadAction","target":["https:\/\/mecasols.com\/"]}]},{"@type":"BreadcrumbList","@id":"https:\/\/mecasols.com\/#breadcrumb","itemListElement":[{"@type":"ListItem","position":1,"name":"Accueil","item":"https:\/\/mecasols.com\/"},{"@type":"ListItem","position":2,"name":""}]}]}},"_links":{"self":[{"href":"https:\/\/mecasols.com\/index.php\/wp-json\/wp\/v2\/pages\/15","targetHints":{"allow":["GET"]}}],"collection":[{"href":"https:\/\/mecasols.com\/index.php\/wp-json\/wp\/v2\/pages"}],"about":[{"href":"https:\/\/mecasols.com\/index.php\/wp-json\/wp\/v2\/types\/page"}],"author":[{"embeddable":true,"href":"https:\/\/mecasols.com\/index.php\/wp-json\/wp\/v2\/users\/1"}],"replies":[{"embeddable":true,"href":"https:\/\/mecasols.com\/index.php\/wp-json\/wp\/v2\/comments?post=15"}],"version-history":[{"count":119,"href":"https:\/\/mecasols.com\/index.php\/wp-json\/wp\/v2\/pages\/15\/revisions"}],"predecessor-version":[{"id":420,"href":"https:\/\/mecasols.com\/index.php\/wp-json\/wp\/v2\/pages\/15\/revisions\/420"}],"wp:attachment":[{"href":"https:\/\/mecasols.com\/index.php\/wp-json\/wp\/v2\/media?parent=15"}],"curies":[{"name":"wp","href":"https:\/\/api.w.org\/{rel}","templated":true}]}}