{"id":17,"date":"2022-02-19T12:57:19","date_gmt":"2022-02-19T11:57:19","guid":{"rendered":"http:\/\/mecasols.com\/?page_id=17"},"modified":"2022-11-14T14:32:05","modified_gmt":"2022-11-14T13:32:05","slug":"contact","status":"publish","type":"page","link":"https:\/\/mecasols.com\/index.php\/contact\/","title":{"rendered":"Nous contacter"},"content":{"rendered":"\n<p class=\"has-text-align-center\">Vous avez un projet qui n\u00e9cessite la r\u00e9alisation d&rsquo;un sol en b\u00e9ton de type dallage industriel ou \u00e0 vocation d\u00e9corative comme les b\u00e9tons d\u00e9sactiv\u00e9s, sabl\u00e9s ou bouchard\u00e9s?<\/p>\n\n\n\n<p class=\"has-text-align-center\"><br>Laissez nous \u00e9tudier celui-ci. Nous vous proposerons la solution la plus viable tout en prenant en compte les contraintes de localisation et d&rsquo;utilisation de votre futur ouvrage.<\/p>\n\n\n\n<p class=\"has-text-align-center\">Notre entreprise est \u00e9galement sp\u00e9cialis\u00e9e dans la maintenance et r\u00e9paration des dallages existants.<\/p>\n\n\n\n<div class=\"wp-block-contact-form-7-contact-form-selector\"><div role=\"form\" class=\"wpcf7\" id=\"wpcf7-f73-o1\" lang=\"fr-FR\" dir=\"ltr\">\n<div class=\"screen-reader-response\"><p role=\"status\" aria-live=\"polite\" aria-atomic=\"true\"><\/p> <ul><\/ul><\/div>\n<form action=\"\/index.php\/wp-json\/wp\/v2\/pages\/17#wpcf7-f73-o1\" method=\"post\" class=\"wpcf7-form init\" novalidate=\"novalidate\" data-status=\"init\">\n<div style=\"display: none;\">\n<input type=\"hidden\" name=\"_wpcf7\" value=\"73\" \/>\n<input type=\"hidden\" name=\"_wpcf7_version\" value=\"5.5.6\" \/>\n<input type=\"hidden\" name=\"_wpcf7_locale\" value=\"fr_FR\" \/>\n<input type=\"hidden\" name=\"_wpcf7_unit_tag\" value=\"wpcf7-f73-o1\" \/>\n<input type=\"hidden\" name=\"_wpcf7_container_post\" value=\"0\" \/>\n<input type=\"hidden\" name=\"_wpcf7_posted_data_hash\" value=\"\" \/>\n<\/div>\n<p><label> Votre nom *<br \/>\n    <span class=\"wpcf7-form-control-wrap your-name\"><input type=\"text\" name=\"your-name\" value=\"\" size=\"40\" class=\"wpcf7-form-control wpcf7-text wpcf7-validates-as-required\" aria-required=\"true\" aria-invalid=\"false\" \/><\/span> <\/label><\/p>\n<p><label> Votre e-mail *<br \/>\n    <span class=\"wpcf7-form-control-wrap your-email\"><input type=\"email\" name=\"your-email\" value=\"\" size=\"40\" class=\"wpcf7-form-control wpcf7-text wpcf7-email wpcf7-validates-as-required wpcf7-validates-as-email\" aria-required=\"true\" aria-invalid=\"false\" \/><\/span> <\/label><\/p>\n<p><label> Votre t\u00e9l\u00e9phone<br \/>\n    <span class=\"wpcf7-form-control-wrap tel-487\"><input type=\"tel\" name=\"tel-487\" value=\"\" size=\"40\" class=\"wpcf7-form-control wpcf7-text wpcf7-tel wpcf7-validates-as-tel\" aria-invalid=\"false\" \/><\/span> <\/label><\/p>\n<p><label> Votre message *<br \/>\n    <span class=\"wpcf7-form-control-wrap your-message\"><textarea name=\"your-message\" cols=\"40\" rows=\"10\" class=\"wpcf7-form-control wpcf7-textarea\" aria-invalid=\"false\"><\/textarea><\/span> <\/label><\/p>\n<p><div id=\"cf7sr-69e379fa16d27\" class=\"cf7sr-g-recaptcha\" data-sitekey=\"6LfGJ8ceAAAAAKqHuw0W1AjXTboOBwnWmAPlDpxq\"><\/div><span class=\"wpcf7-form-control-wrap cf7sr-recaptcha\" data-name=\"cf7sr-recaptcha\"><input type=\"hidden\" name=\"cf7sr-recaptcha\" value=\"\" class=\"wpcf7-form-control\"><\/span><\/p>\n<p><input type=\"submit\" value=\"Envoyer\" class=\"wpcf7-form-control has-spinner wpcf7-submit\" \/><\/p>\n<div class=\"wpcf7-response-output\" aria-hidden=\"true\"><\/div><\/form><\/div><\/div>\n","protected":false},"excerpt":{"rendered":"<p>Vous avez un projet qui n\u00e9cessite la r\u00e9alisation d&rsquo;un sol en b\u00e9ton de type dallage industriel ou \u00e0 vocation d\u00e9corative comme les b\u00e9tons d\u00e9sactiv\u00e9s, sabl\u00e9s &hellip; <\/p>\n","protected":false},"author":1,"featured_media":0,"parent":0,"menu_order":0,"comment_status":"closed","ping_status":"closed","template":"","meta":{"footnotes":""},"class_list":["post-17","page","type-page","status-publish","hentry"],"yoast_head":"<!-- This site is optimized with the Yoast SEO plugin v18.3 - https:\/\/yoast.com\/wordpress\/plugins\/seo\/ -->\n<title>Nous contacter - Mecasols - Conception &amp; r\u00e9alisation de sols industriels - Dallages &amp; b\u00e9ton de sols d\u00e9coratifs<\/title>\n<meta name=\"robots\" content=\"index, follow, max-snippet:-1, max-image-preview:large, max-video-preview:-1\" \/>\n<link rel=\"canonical\" href=\"https:\/\/mecasols.com\/index.php\/contact\/\" \/>\n<meta property=\"og:locale\" content=\"fr_FR\" \/>\n<meta property=\"og:type\" content=\"article\" \/>\n<meta property=\"og:title\" content=\"Nous contacter - Mecasols - Conception &amp; r\u00e9alisation de sols industriels - Dallages &amp; b\u00e9ton de sols d\u00e9coratifs\" \/>\n<meta property=\"og:description\" content=\"Vous avez un projet qui n\u00e9cessite la r\u00e9alisation d&rsquo;un sol en b\u00e9ton de type dallage industriel ou \u00e0 vocation d\u00e9corative comme les b\u00e9tons d\u00e9sactiv\u00e9s, sabl\u00e9s &hellip;\" \/>\n<meta property=\"og:url\" content=\"https:\/\/mecasols.com\/index.php\/contact\/\" \/>\n<meta property=\"og:site_name\" content=\"Mecasols - Conception &amp; r\u00e9alisation de sols industriels - Dallages &amp; b\u00e9ton de sols d\u00e9coratifs\" \/>\n<meta property=\"article:modified_time\" content=\"2022-11-14T13:32:05+00:00\" \/>\n<meta name=\"twitter:card\" content=\"summary_large_image\" \/>\n<meta name=\"twitter:label1\" content=\"Dur\u00e9e de lecture estim\u00e9e\" \/>\n\t<meta name=\"twitter:data1\" content=\"1 minute\" \/>\n<script type=\"application\/ld+json\" class=\"yoast-schema-graph\">{\"@context\":\"https:\/\/schema.org\",\"@graph\":[{\"@type\":\"WebSite\",\"@id\":\"https:\/\/mecasols.com\/#website\",\"url\":\"https:\/\/mecasols.com\/\",\"name\":\"Mecasols - Conception &amp; r\u00e9alisation de sols industriels - Dallages &amp; b\u00e9ton de sols d\u00e9coratifs\",\"description\":\"Mecasols -Conception &amp; r\u00e9alisation de sols industriels - Dallages &amp; b\u00e9ton de sols d\u00e9coratifs\",\"potentialAction\":[{\"@type\":\"SearchAction\",\"target\":{\"@type\":\"EntryPoint\",\"urlTemplate\":\"https:\/\/mecasols.com\/?s={search_term_string}\"},\"query-input\":\"required name=search_term_string\"}],\"inLanguage\":\"fr-FR\"},{\"@type\":\"WebPage\",\"@id\":\"https:\/\/mecasols.com\/index.php\/contact\/#webpage\",\"url\":\"https:\/\/mecasols.com\/index.php\/contact\/\",\"name\":\"Nous contacter - Mecasols - Conception &amp; r\u00e9alisation de sols industriels - Dallages &amp; b\u00e9ton de sols d\u00e9coratifs\",\"isPartOf\":{\"@id\":\"https:\/\/mecasols.com\/#website\"},\"datePublished\":\"2022-02-19T11:57:19+00:00\",\"dateModified\":\"2022-11-14T13:32:05+00:00\",\"breadcrumb\":{\"@id\":\"https:\/\/mecasols.com\/index.php\/contact\/#breadcrumb\"},\"inLanguage\":\"fr-FR\",\"potentialAction\":[{\"@type\":\"ReadAction\",\"target\":[\"https:\/\/mecasols.com\/index.php\/contact\/\"]}]},{\"@type\":\"BreadcrumbList\",\"@id\":\"https:\/\/mecasols.com\/index.php\/contact\/#breadcrumb\",\"itemListElement\":[{\"@type\":\"ListItem\",\"position\":1,\"name\":\"Accueil\",\"item\":\"https:\/\/mecasols.com\/\"},{\"@type\":\"ListItem\",\"position\":2,\"name\":\"Nous contacter\"}]}]}<\/script>\n<!-- \/ Yoast SEO plugin. -->","yoast_head_json":{"title":"Nous contacter - Mecasols - Conception &amp; r\u00e9alisation de sols industriels - Dallages &amp; b\u00e9ton de sols d\u00e9coratifs","robots":{"index":"index","follow":"follow","max-snippet":"max-snippet:-1","max-image-preview":"max-image-preview:large","max-video-preview":"max-video-preview:-1"},"canonical":"https:\/\/mecasols.com\/index.php\/contact\/","og_locale":"fr_FR","og_type":"article","og_title":"Nous contacter - Mecasols - Conception &amp; r\u00e9alisation de sols industriels - Dallages &amp; b\u00e9ton de sols d\u00e9coratifs","og_description":"Vous avez un projet qui n\u00e9cessite la r\u00e9alisation d&rsquo;un sol en b\u00e9ton de type dallage industriel ou \u00e0 vocation d\u00e9corative comme les b\u00e9tons d\u00e9sactiv\u00e9s, sabl\u00e9s &hellip;","og_url":"https:\/\/mecasols.com\/index.php\/contact\/","og_site_name":"Mecasols - Conception &amp; r\u00e9alisation de sols industriels - Dallages &amp; b\u00e9ton de sols d\u00e9coratifs","article_modified_time":"2022-11-14T13:32:05+00:00","twitter_card":"summary_large_image","twitter_misc":{"Dur\u00e9e de lecture estim\u00e9e":"1 minute"},"schema":{"@context":"https:\/\/schema.org","@graph":[{"@type":"WebSite","@id":"https:\/\/mecasols.com\/#website","url":"https:\/\/mecasols.com\/","name":"Mecasols - Conception &amp; r\u00e9alisation de sols industriels - Dallages &amp; b\u00e9ton de sols d\u00e9coratifs","description":"Mecasols -Conception &amp; r\u00e9alisation de sols industriels - Dallages &amp; b\u00e9ton de sols d\u00e9coratifs","potentialAction":[{"@type":"SearchAction","target":{"@type":"EntryPoint","urlTemplate":"https:\/\/mecasols.com\/?s={search_term_string}"},"query-input":"required name=search_term_string"}],"inLanguage":"fr-FR"},{"@type":"WebPage","@id":"https:\/\/mecasols.com\/index.php\/contact\/#webpage","url":"https:\/\/mecasols.com\/index.php\/contact\/","name":"Nous contacter - Mecasols - Conception &amp; r\u00e9alisation de sols industriels - Dallages &amp; b\u00e9ton de sols d\u00e9coratifs","isPartOf":{"@id":"https:\/\/mecasols.com\/#website"},"datePublished":"2022-02-19T11:57:19+00:00","dateModified":"2022-11-14T13:32:05+00:00","breadcrumb":{"@id":"https:\/\/mecasols.com\/index.php\/contact\/#breadcrumb"},"inLanguage":"fr-FR","potentialAction":[{"@type":"ReadAction","target":["https:\/\/mecasols.com\/index.php\/contact\/"]}]},{"@type":"BreadcrumbList","@id":"https:\/\/mecasols.com\/index.php\/contact\/#breadcrumb","itemListElement":[{"@type":"ListItem","position":1,"name":"Accueil","item":"https:\/\/mecasols.com\/"},{"@type":"ListItem","position":2,"name":"Nous contacter"}]}]}},"_links":{"self":[{"href":"https:\/\/mecasols.com\/index.php\/wp-json\/wp\/v2\/pages\/17","targetHints":{"allow":["GET"]}}],"collection":[{"href":"https:\/\/mecasols.com\/index.php\/wp-json\/wp\/v2\/pages"}],"about":[{"href":"https:\/\/mecasols.com\/index.php\/wp-json\/wp\/v2\/types\/page"}],"author":[{"embeddable":true,"href":"https:\/\/mecasols.com\/index.php\/wp-json\/wp\/v2\/users\/1"}],"replies":[{"embeddable":true,"href":"https:\/\/mecasols.com\/index.php\/wp-json\/wp\/v2\/comments?post=17"}],"version-history":[{"count":5,"href":"https:\/\/mecasols.com\/index.php\/wp-json\/wp\/v2\/pages\/17\/revisions"}],"predecessor-version":[{"id":425,"href":"https:\/\/mecasols.com\/index.php\/wp-json\/wp\/v2\/pages\/17\/revisions\/425"}],"wp:attachment":[{"href":"https:\/\/mecasols.com\/index.php\/wp-json\/wp\/v2\/media?parent=17"}],"curies":[{"name":"wp","href":"https:\/\/api.w.org\/{rel}","templated":true}]}}