{"id":271,"date":"2022-03-04T12:40:34","date_gmt":"2022-03-04T11:40:34","guid":{"rendered":"https:\/\/mecasols.com\/?page_id=271"},"modified":"2022-11-10T19:25:20","modified_gmt":"2022-11-10T18:25:20","slug":"nos-services","status":"publish","type":"page","link":"https:\/\/mecasols.com\/index.php\/nos-services\/","title":{"rendered":"Nos Services"},"content":{"rendered":"\n<h2 class=\"has-text-align-center has-text-color wp-block-heading\" style=\"color:#a07942;font-size:28px\">Le dallage en ex\u00e9cution<\/h2>\n\n\n\n<figure class=\"wp-block-image alignwide size-large is-style-default\"><img loading=\"lazy\" decoding=\"async\" width=\"1024\" height=\"768\" src=\"https:\/\/mecasols.com\/wp-content\/uploads\/2022\/02\/20210930_071033-1024x768.jpg\" alt=\"\" class=\"wp-image-50\" srcset=\"https:\/\/mecasols.com\/wp-content\/uploads\/2022\/02\/20210930_071033-1024x768.jpg 1024w, https:\/\/mecasols.com\/wp-content\/uploads\/2022\/02\/20210930_071033-300x225.jpg 300w, https:\/\/mecasols.com\/wp-content\/uploads\/2022\/02\/20210930_071033-768x576.jpg 768w, https:\/\/mecasols.com\/wp-content\/uploads\/2022\/02\/20210930_071033-1536x1152.jpg 1536w, https:\/\/mecasols.com\/wp-content\/uploads\/2022\/02\/20210930_071033-2048x1536.jpg 2048w, https:\/\/mecasols.com\/wp-content\/uploads\/2022\/02\/20210930_071033-2000x1500.jpg 2000w\" sizes=\"auto, (max-width: 1024px) 100vw, 1024px\" \/><\/figure>\n\n\n\n<figure class=\"wp-block-image alignwide size-large is-style-default\"><img loading=\"lazy\" decoding=\"async\" width=\"1024\" height=\"768\" src=\"https:\/\/mecasols.com\/wp-content\/uploads\/2022\/02\/20220105_070140-1024x768.jpg\" alt=\"\" class=\"wp-image-56\" srcset=\"https:\/\/mecasols.com\/wp-content\/uploads\/2022\/02\/20220105_070140-1024x768.jpg 1024w, https:\/\/mecasols.com\/wp-content\/uploads\/2022\/02\/20220105_070140-300x225.jpg 300w, https:\/\/mecasols.com\/wp-content\/uploads\/2022\/02\/20220105_070140-768x576.jpg 768w, https:\/\/mecasols.com\/wp-content\/uploads\/2022\/02\/20220105_070140-1536x1152.jpg 1536w, https:\/\/mecasols.com\/wp-content\/uploads\/2022\/02\/20220105_070140-2048x1536.jpg 2048w, https:\/\/mecasols.com\/wp-content\/uploads\/2022\/02\/20220105_070140-2000x1500.jpg 2000w\" sizes=\"auto, (max-width: 1024px) 100vw, 1024px\" \/><\/figure>\n\n\n\n<figure class=\"wp-block-image alignwide size-large is-style-default\"><img loading=\"lazy\" decoding=\"async\" width=\"1024\" height=\"674\" src=\"https:\/\/mecasols.com\/wp-content\/uploads\/2022\/03\/nouvelle-1024x674.jpg\" alt=\"\" class=\"wp-image-346\" srcset=\"https:\/\/mecasols.com\/wp-content\/uploads\/2022\/03\/nouvelle-1024x674.jpg 1024w, https:\/\/mecasols.com\/wp-content\/uploads\/2022\/03\/nouvelle-300x198.jpg 300w, https:\/\/mecasols.com\/wp-content\/uploads\/2022\/03\/nouvelle-768x506.jpg 768w, https:\/\/mecasols.com\/wp-content\/uploads\/2022\/03\/nouvelle-1536x1011.jpg 1536w, https:\/\/mecasols.com\/wp-content\/uploads\/2022\/03\/nouvelle-91x60.jpg 91w, https:\/\/mecasols.com\/wp-content\/uploads\/2022\/03\/nouvelle.jpg 1736w\" sizes=\"auto, (max-width: 1024px) 100vw, 1024px\" \/><\/figure>\n\n\n\n<figure class=\"wp-block-image alignwide size-large is-style-default\"><img loading=\"lazy\" decoding=\"async\" width=\"1024\" height=\"577\" src=\"https:\/\/mecasols.com\/wp-content\/uploads\/2022\/02\/20220107_111124_LI-1024x577.jpg\" alt=\"\" class=\"wp-image-58\" srcset=\"https:\/\/mecasols.com\/wp-content\/uploads\/2022\/02\/20220107_111124_LI-1024x577.jpg 1024w, https:\/\/mecasols.com\/wp-content\/uploads\/2022\/02\/20220107_111124_LI-300x169.jpg 300w, https:\/\/mecasols.com\/wp-content\/uploads\/2022\/02\/20220107_111124_LI-768x432.jpg 768w, https:\/\/mecasols.com\/wp-content\/uploads\/2022\/02\/20220107_111124_LI-1536x865.jpg 1536w, https:\/\/mecasols.com\/wp-content\/uploads\/2022\/02\/20220107_111124_LI-2048x1153.jpg 2048w, https:\/\/mecasols.com\/wp-content\/uploads\/2022\/02\/20220107_111124_LI-2000x1126.jpg 2000w\" sizes=\"auto, (max-width: 1024px) 100vw, 1024px\" \/><\/figure>\n\n\n\n<figure class=\"wp-block-image alignwide size-large is-style-default\"><img loading=\"lazy\" decoding=\"async\" width=\"764\" height=\"1024\" src=\"https:\/\/mecasols.com\/wp-content\/uploads\/2022\/11\/281541209_1185708445551258_6651558152142396286_n-764x1024.jpg\" alt=\"\" class=\"wp-image-421\" srcset=\"https:\/\/mecasols.com\/wp-content\/uploads\/2022\/11\/281541209_1185708445551258_6651558152142396286_n-764x1024.jpg 764w, https:\/\/mecasols.com\/wp-content\/uploads\/2022\/11\/281541209_1185708445551258_6651558152142396286_n-224x300.jpg 224w, https:\/\/mecasols.com\/wp-content\/uploads\/2022\/11\/281541209_1185708445551258_6651558152142396286_n-768x1029.jpg 768w, https:\/\/mecasols.com\/wp-content\/uploads\/2022\/11\/281541209_1185708445551258_6651558152142396286_n-1146x1536.jpg 1146w, https:\/\/mecasols.com\/wp-content\/uploads\/2022\/11\/281541209_1185708445551258_6651558152142396286_n-45x60.jpg 45w, https:\/\/mecasols.com\/wp-content\/uploads\/2022\/11\/281541209_1185708445551258_6651558152142396286_n.jpg 1504w\" sizes=\"auto, (max-width: 764px) 100vw, 764px\" \/><\/figure>\n\n\n\n<figure class=\"wp-block-image alignwide size-large is-style-default\"><img loading=\"lazy\" decoding=\"async\" width=\"1024\" height=\"768\" src=\"https:\/\/mecasols.com\/wp-content\/uploads\/2022\/02\/20210622_093649-1024x768.jpg\" alt=\"\" class=\"wp-image-45\" srcset=\"https:\/\/mecasols.com\/wp-content\/uploads\/2022\/02\/20210622_093649-1024x768.jpg 1024w, https:\/\/mecasols.com\/wp-content\/uploads\/2022\/02\/20210622_093649-300x225.jpg 300w, https:\/\/mecasols.com\/wp-content\/uploads\/2022\/02\/20210622_093649-768x576.jpg 768w, https:\/\/mecasols.com\/wp-content\/uploads\/2022\/02\/20210622_093649-1536x1152.jpg 1536w, https:\/\/mecasols.com\/wp-content\/uploads\/2022\/02\/20210622_093649-2048x1536.jpg 2048w, https:\/\/mecasols.com\/wp-content\/uploads\/2022\/02\/20210622_093649-2000x1500.jpg 2000w\" sizes=\"auto, (max-width: 1024px) 100vw, 1024px\" \/><\/figure>\n\n\n\n<h2 class=\"has-text-align-center has-text-color wp-block-heading\" style=\"color:#a07942\">Nous contacter<\/h2>\n\n\n\n<p class=\"has-text-align-center\">Vous avez un projet qui n\u00e9cessite la r\u00e9alisation d&rsquo;un sol en b\u00e9ton de type dallage non arm\u00e9, arm\u00e9, fibr\u00e9 ou encore \u00e0 vocation d\u00e9corative comme les b\u00e9tons d\u00e9sactiv\u00e9s, sabl\u00e9s ou bouchard\u00e9s?<\/p>\n\n\n\n<p class=\"has-text-align-center\">Laissez nous \u00e9tudier celui-ci. Nous vous proposerons la solution m\u00e9caniquement et \u00e9conomiquement la plus viable tout en prenant en compte les contraintes de localisation et d&rsquo;utilisation de votre futur ouvrage.<\/p>\n\n\n\n<div class=\"wp-block-contact-form-7-contact-form-selector\"><div role=\"form\" class=\"wpcf7\" id=\"wpcf7-f73-o1\" lang=\"fr-FR\" dir=\"ltr\">\n<div class=\"screen-reader-response\"><p role=\"status\" aria-live=\"polite\" aria-atomic=\"true\"><\/p> <ul><\/ul><\/div>\n<form action=\"\/index.php\/wp-json\/wp\/v2\/pages\/271#wpcf7-f73-o1\" method=\"post\" class=\"wpcf7-form init\" novalidate=\"novalidate\" data-status=\"init\">\n<div style=\"display: none;\">\n<input type=\"hidden\" name=\"_wpcf7\" value=\"73\" \/>\n<input type=\"hidden\" name=\"_wpcf7_version\" value=\"5.5.6\" \/>\n<input type=\"hidden\" name=\"_wpcf7_locale\" value=\"fr_FR\" \/>\n<input type=\"hidden\" name=\"_wpcf7_unit_tag\" value=\"wpcf7-f73-o1\" \/>\n<input type=\"hidden\" name=\"_wpcf7_container_post\" value=\"0\" \/>\n<input type=\"hidden\" name=\"_wpcf7_posted_data_hash\" value=\"\" \/>\n<\/div>\n<p><label> Votre nom *<br \/>\n    <span class=\"wpcf7-form-control-wrap your-name\"><input type=\"text\" name=\"your-name\" value=\"\" size=\"40\" class=\"wpcf7-form-control wpcf7-text wpcf7-validates-as-required\" aria-required=\"true\" aria-invalid=\"false\" \/><\/span> <\/label><\/p>\n<p><label> Votre e-mail *<br \/>\n    <span class=\"wpcf7-form-control-wrap your-email\"><input type=\"email\" name=\"your-email\" value=\"\" size=\"40\" class=\"wpcf7-form-control wpcf7-text wpcf7-email wpcf7-validates-as-required wpcf7-validates-as-email\" aria-required=\"true\" aria-invalid=\"false\" \/><\/span> <\/label><\/p>\n<p><label> Votre t\u00e9l\u00e9phone<br \/>\n    <span class=\"wpcf7-form-control-wrap tel-487\"><input type=\"tel\" name=\"tel-487\" value=\"\" size=\"40\" class=\"wpcf7-form-control wpcf7-text wpcf7-tel wpcf7-validates-as-tel\" aria-invalid=\"false\" \/><\/span> <\/label><\/p>\n<p><label> Votre message *<br \/>\n    <span class=\"wpcf7-form-control-wrap your-message\"><textarea name=\"your-message\" cols=\"40\" rows=\"10\" class=\"wpcf7-form-control wpcf7-textarea\" aria-invalid=\"false\"><\/textarea><\/span> <\/label><\/p>\n<p><div id=\"cf7sr-69e37a247ac04\" class=\"cf7sr-g-recaptcha\" data-sitekey=\"6LfGJ8ceAAAAAKqHuw0W1AjXTboOBwnWmAPlDpxq\"><\/div><span class=\"wpcf7-form-control-wrap cf7sr-recaptcha\" data-name=\"cf7sr-recaptcha\"><input type=\"hidden\" name=\"cf7sr-recaptcha\" value=\"\" class=\"wpcf7-form-control\"><\/span><\/p>\n<p><input type=\"submit\" value=\"Envoyer\" class=\"wpcf7-form-control has-spinner wpcf7-submit\" \/><\/p>\n<div class=\"wpcf7-response-output\" aria-hidden=\"true\"><\/div><\/form><\/div><\/div>\n","protected":false},"excerpt":{"rendered":"<p>Le dallage en ex\u00e9cution Nous contacter Vous avez un projet qui n\u00e9cessite la r\u00e9alisation d&rsquo;un sol en b\u00e9ton de type dallage non arm\u00e9, arm\u00e9, fibr\u00e9 &hellip; <\/p>\n","protected":false},"author":1,"featured_media":0,"parent":0,"menu_order":0,"comment_status":"closed","ping_status":"closed","template":"","meta":{"footnotes":""},"class_list":["post-271","page","type-page","status-publish","hentry"],"yoast_head":"<!-- This site is optimized with the Yoast SEO plugin v18.3 - https:\/\/yoast.com\/wordpress\/plugins\/seo\/ -->\n<title>Nos Services - Mecasols - Conception &amp; r\u00e9alisation de sols industriels - Dallages &amp; b\u00e9ton de sols d\u00e9coratifs<\/title>\n<meta name=\"robots\" content=\"index, follow, max-snippet:-1, max-image-preview:large, max-video-preview:-1\" \/>\n<link rel=\"canonical\" href=\"https:\/\/mecasols.com\/index.php\/nos-services\/\" \/>\n<meta property=\"og:locale\" content=\"fr_FR\" \/>\n<meta property=\"og:type\" content=\"article\" \/>\n<meta property=\"og:title\" content=\"Nos Services - Mecasols - Conception &amp; r\u00e9alisation de sols industriels - Dallages &amp; b\u00e9ton de sols d\u00e9coratifs\" \/>\n<meta property=\"og:description\" content=\"Le dallage en ex\u00e9cution Nous contacter Vous avez un projet qui n\u00e9cessite la r\u00e9alisation d&rsquo;un sol en b\u00e9ton de type dallage non arm\u00e9, arm\u00e9, fibr\u00e9 &hellip;\" \/>\n<meta property=\"og:url\" content=\"https:\/\/mecasols.com\/index.php\/nos-services\/\" \/>\n<meta property=\"og:site_name\" content=\"Mecasols - Conception &amp; r\u00e9alisation de sols industriels - Dallages &amp; b\u00e9ton de sols d\u00e9coratifs\" \/>\n<meta property=\"article:modified_time\" content=\"2022-11-10T18:25:20+00:00\" \/>\n<meta property=\"og:image\" content=\"https:\/\/mecasols.com\/wp-content\/uploads\/2022\/02\/20210930_071033-1024x768.jpg\" \/>\n<meta name=\"twitter:card\" content=\"summary_large_image\" \/>\n<meta name=\"twitter:label1\" content=\"Dur\u00e9e de lecture estim\u00e9e\" \/>\n\t<meta name=\"twitter:data1\" content=\"2 minutes\" \/>\n<script type=\"application\/ld+json\" class=\"yoast-schema-graph\">{\"@context\":\"https:\/\/schema.org\",\"@graph\":[{\"@type\":\"WebSite\",\"@id\":\"https:\/\/mecasols.com\/#website\",\"url\":\"https:\/\/mecasols.com\/\",\"name\":\"Mecasols - Conception &amp; r\u00e9alisation de sols industriels - Dallages &amp; b\u00e9ton de sols d\u00e9coratifs\",\"description\":\"Mecasols -Conception &amp; r\u00e9alisation de sols industriels - Dallages &amp; b\u00e9ton de sols d\u00e9coratifs\",\"potentialAction\":[{\"@type\":\"SearchAction\",\"target\":{\"@type\":\"EntryPoint\",\"urlTemplate\":\"https:\/\/mecasols.com\/?s={search_term_string}\"},\"query-input\":\"required name=search_term_string\"}],\"inLanguage\":\"fr-FR\"},{\"@type\":\"ImageObject\",\"@id\":\"https:\/\/mecasols.com\/index.php\/nos-services\/#primaryimage\",\"inLanguage\":\"fr-FR\",\"url\":\"https:\/\/mecasols.com\/wp-content\/uploads\/2022\/02\/20210930_071033-1024x768.jpg\",\"contentUrl\":\"https:\/\/mecasols.com\/wp-content\/uploads\/2022\/02\/20210930_071033-1024x768.jpg\"},{\"@type\":\"WebPage\",\"@id\":\"https:\/\/mecasols.com\/index.php\/nos-services\/#webpage\",\"url\":\"https:\/\/mecasols.com\/index.php\/nos-services\/\",\"name\":\"Nos Services - Mecasols - Conception &amp; r\u00e9alisation de sols industriels - Dallages &amp; b\u00e9ton de sols d\u00e9coratifs\",\"isPartOf\":{\"@id\":\"https:\/\/mecasols.com\/#website\"},\"primaryImageOfPage\":{\"@id\":\"https:\/\/mecasols.com\/index.php\/nos-services\/#primaryimage\"},\"datePublished\":\"2022-03-04T11:40:34+00:00\",\"dateModified\":\"2022-11-10T18:25:20+00:00\",\"breadcrumb\":{\"@id\":\"https:\/\/mecasols.com\/index.php\/nos-services\/#breadcrumb\"},\"inLanguage\":\"fr-FR\",\"potentialAction\":[{\"@type\":\"ReadAction\",\"target\":[\"https:\/\/mecasols.com\/index.php\/nos-services\/\"]}]},{\"@type\":\"BreadcrumbList\",\"@id\":\"https:\/\/mecasols.com\/index.php\/nos-services\/#breadcrumb\",\"itemListElement\":[{\"@type\":\"ListItem\",\"position\":1,\"name\":\"Accueil\",\"item\":\"https:\/\/mecasols.com\/\"},{\"@type\":\"ListItem\",\"position\":2,\"name\":\"Nos Services\"}]}]}<\/script>\n<!-- \/ Yoast SEO plugin. -->","yoast_head_json":{"title":"Nos Services - Mecasols - Conception &amp; r\u00e9alisation de sols industriels - Dallages &amp; b\u00e9ton de sols d\u00e9coratifs","robots":{"index":"index","follow":"follow","max-snippet":"max-snippet:-1","max-image-preview":"max-image-preview:large","max-video-preview":"max-video-preview:-1"},"canonical":"https:\/\/mecasols.com\/index.php\/nos-services\/","og_locale":"fr_FR","og_type":"article","og_title":"Nos Services - Mecasols - Conception &amp; r\u00e9alisation de sols industriels - Dallages &amp; b\u00e9ton de sols d\u00e9coratifs","og_description":"Le dallage en ex\u00e9cution Nous contacter Vous avez un projet qui n\u00e9cessite la r\u00e9alisation d&rsquo;un sol en b\u00e9ton de type dallage non arm\u00e9, arm\u00e9, fibr\u00e9 &hellip;","og_url":"https:\/\/mecasols.com\/index.php\/nos-services\/","og_site_name":"Mecasols - Conception &amp; r\u00e9alisation de sols industriels - Dallages &amp; b\u00e9ton de sols d\u00e9coratifs","article_modified_time":"2022-11-10T18:25:20+00:00","og_image":[{"url":"https:\/\/mecasols.com\/wp-content\/uploads\/2022\/02\/20210930_071033-1024x768.jpg"}],"twitter_card":"summary_large_image","twitter_misc":{"Dur\u00e9e de lecture estim\u00e9e":"2 minutes"},"schema":{"@context":"https:\/\/schema.org","@graph":[{"@type":"WebSite","@id":"https:\/\/mecasols.com\/#website","url":"https:\/\/mecasols.com\/","name":"Mecasols - Conception &amp; r\u00e9alisation de sols industriels - Dallages &amp; b\u00e9ton de sols d\u00e9coratifs","description":"Mecasols -Conception &amp; r\u00e9alisation de sols industriels - Dallages &amp; b\u00e9ton de sols d\u00e9coratifs","potentialAction":[{"@type":"SearchAction","target":{"@type":"EntryPoint","urlTemplate":"https:\/\/mecasols.com\/?s={search_term_string}"},"query-input":"required name=search_term_string"}],"inLanguage":"fr-FR"},{"@type":"ImageObject","@id":"https:\/\/mecasols.com\/index.php\/nos-services\/#primaryimage","inLanguage":"fr-FR","url":"https:\/\/mecasols.com\/wp-content\/uploads\/2022\/02\/20210930_071033-1024x768.jpg","contentUrl":"https:\/\/mecasols.com\/wp-content\/uploads\/2022\/02\/20210930_071033-1024x768.jpg"},{"@type":"WebPage","@id":"https:\/\/mecasols.com\/index.php\/nos-services\/#webpage","url":"https:\/\/mecasols.com\/index.php\/nos-services\/","name":"Nos Services - Mecasols - Conception &amp; r\u00e9alisation de sols industriels - Dallages &amp; b\u00e9ton de sols d\u00e9coratifs","isPartOf":{"@id":"https:\/\/mecasols.com\/#website"},"primaryImageOfPage":{"@id":"https:\/\/mecasols.com\/index.php\/nos-services\/#primaryimage"},"datePublished":"2022-03-04T11:40:34+00:00","dateModified":"2022-11-10T18:25:20+00:00","breadcrumb":{"@id":"https:\/\/mecasols.com\/index.php\/nos-services\/#breadcrumb"},"inLanguage":"fr-FR","potentialAction":[{"@type":"ReadAction","target":["https:\/\/mecasols.com\/index.php\/nos-services\/"]}]},{"@type":"BreadcrumbList","@id":"https:\/\/mecasols.com\/index.php\/nos-services\/#breadcrumb","itemListElement":[{"@type":"ListItem","position":1,"name":"Accueil","item":"https:\/\/mecasols.com\/"},{"@type":"ListItem","position":2,"name":"Nos Services"}]}]}},"_links":{"self":[{"href":"https:\/\/mecasols.com\/index.php\/wp-json\/wp\/v2\/pages\/271","targetHints":{"allow":["GET"]}}],"collection":[{"href":"https:\/\/mecasols.com\/index.php\/wp-json\/wp\/v2\/pages"}],"about":[{"href":"https:\/\/mecasols.com\/index.php\/wp-json\/wp\/v2\/types\/page"}],"author":[{"embeddable":true,"href":"https:\/\/mecasols.com\/index.php\/wp-json\/wp\/v2\/users\/1"}],"replies":[{"embeddable":true,"href":"https:\/\/mecasols.com\/index.php\/wp-json\/wp\/v2\/comments?post=271"}],"version-history":[{"count":12,"href":"https:\/\/mecasols.com\/index.php\/wp-json\/wp\/v2\/pages\/271\/revisions"}],"predecessor-version":[{"id":423,"href":"https:\/\/mecasols.com\/index.php\/wp-json\/wp\/v2\/pages\/271\/revisions\/423"}],"wp:attachment":[{"href":"https:\/\/mecasols.com\/index.php\/wp-json\/wp\/v2\/media?parent=271"}],"curies":[{"name":"wp","href":"https:\/\/api.w.org\/{rel}","templated":true}]}}