{"id":3,"date":"2022-02-18T12:15:14","date_gmt":"2022-02-18T11:15:14","guid":{"rendered":"http:\/\/mecasols.com\/?page_id=3"},"modified":"2022-02-28T18:21:44","modified_gmt":"2022-02-28T17:21:44","slug":"politique-de-confidentialite","status":"publish","type":"page","link":"https:\/\/mecasols.com\/index.php\/politique-de-confidentialite\/","title":{"rendered":"Mentions l\u00e9gales"},"content":{"rendered":"\n<h2 class=\"has-text-color wp-block-heading\" style=\"color:#a07942\">Qui sommes-nous&nbsp;?<\/h2>\n\n\n\n<p>\u2022 Raison sociale : Mecasols <br>\u2022 Forme juridique : SAS<br>\u2022 Capital social :\u00a025 000 \u20ac<br>\u2022 Si\u00e8ge social : Front de Taille &#8211; Laives 71240 FRANCE<br>\u2022 T\u00e9l\u00e9phone : 03 85 48 93 72 <br>\u2022 Immatriculation : RCS 910475276 00010<br>\u2022 Num\u00e9ro de TVA intracommunautaire : FR 27910475276<br>\u2022 Directeur de la publication : Claude Archs<\/p>\n\n\n\n<h2 class=\"has-text-color wp-block-heading\" style=\"color:#a07942\">H\u00e9bergeur<\/h2>\n\n\n\n<p>L\u2019adresse de notre site est&nbsp;: https:\/\/www.mecasols.com<\/p>\n\n\n\n<p>\u2022 Raison sociale : OVH<br>\u2022 Forme juridique : SAS<br>\u2022 Si\u00e8ge social : 2, Rue Kellermann &#8211; 59100 Roubaix &#8211;&nbsp;France<br>\u2022 T\u00e9l\u00e9phone : +33 (0)9 72 10 10 07 (num\u00e9ro non surtax\u00e9)<\/p>\n\n\n\n<h2 class=\"has-text-color wp-block-heading\" style=\"color:#a07942\">Cookies<\/h2>\n\n\n\n<p>Les cookies sont des indicateurs d\u00e9pos\u00e9s par notre site www.mecasols.com sur le disque dur de votre ordinateur et ils n\u2019ont pour but que de vous simplifier la navigation sur notre site lors de vos visites ult\u00e9rieures. En vertu de votre droit d\u2019opposition, vous pouvez vous opposer \u00e0 l\u2019enregistrement de ces cookies en configurant votre navigateur.<\/p>\n\n\n\n<p>Une cha\u00eene anonymis\u00e9e cr\u00e9\u00e9e \u00e0 partir de votre adresse e-mail (\u00e9galement appel\u00e9e hash) peut \u00eatre envoy\u00e9e au service Gravatar pour v\u00e9rifier si vous utilisez ce dernier. Les clauses de confidentialit\u00e9 du service Gravatar sont disponibles ici&nbsp;: https:\/\/automattic.com\/privacy\/. Apr\u00e8s validation de votre commentaire, votre photo de profil sera visible publiquement \u00e0 cot\u00e9 de votre commentaire.<\/p>\n\n\n\n<h2 class=\"has-text-color wp-block-heading\" style=\"color:#a07942\">Protection des donn\u00e9es personnelles et politique de confidentialit\u00e9<\/h2>\n\n\n\n<p>Conform\u00e9ment \u00e0 l&rsquo;article 34 de la loi \u00ab Informatique et Libert\u00e9s \u00bb du 6 Janvier 1978, les visiteurs ou clients du site&nbsp;www.mecasols.fr&nbsp;disposent \u00e0 tout moment d\u2019un droit d\u2019acc\u00e8s, de modification, de rectification et de suppression des donn\u00e9es qui les concernent.<br><\/p>\n\n\n\n<h2 class=\"has-text-color wp-block-heading\" style=\"color:#a07942\">Commentaires<\/h2>\n\n\n\n<p>Quand vous laissez un commentaire sur notre site, les donn\u00e9es inscrites dans le formulaire de commentaire, mais aussi votre adresse IP et l\u2019agent utilisateur de votre navigateur sont collect\u00e9s pour nous aider \u00e0 la d\u00e9tection des commentaires ind\u00e9sirables.<\/p>\n\n\n\n<h2 class=\"has-text-color wp-block-heading\" style=\"color:#a07942\">Contenu embarqu\u00e9 depuis d\u2019autres sites<\/h2>\n\n\n\n<p>Les articles de ce site peuvent inclure des contenus int\u00e9gr\u00e9s (par exemple des vid\u00e9os, images, articles\u2026). Le contenu int\u00e9gr\u00e9 depuis d\u2019autres sites se comporte de la m\u00eame mani\u00e8re que si le visiteur se rendait sur cet autre site.<\/p>\n\n\n\n<p>Ces sites web pourraient collecter des donn\u00e9es sur vous, utiliser des cookies, embarquer des outils de suivis tiers, suivre vos interactions avec ces contenus embarqu\u00e9s si vous disposez d\u2019un compte connect\u00e9 sur leur site web.<\/p>\n","protected":false},"excerpt":{"rendered":"<p>Qui sommes-nous&nbsp;? \u2022 Raison sociale : Mecasols \u2022 Forme juridique : SAS\u2022 Capital social :\u00a025 000 \u20ac\u2022 Si\u00e8ge social : Front de Taille &#8211; Laives &hellip; <\/p>\n","protected":false},"author":1,"featured_media":0,"parent":0,"menu_order":0,"comment_status":"closed","ping_status":"open","template":"","meta":{"footnotes":""},"class_list":["post-3","page","type-page","status-publish","hentry"],"yoast_head":"<!-- This site is optimized with the Yoast SEO plugin v18.3 - https:\/\/yoast.com\/wordpress\/plugins\/seo\/ -->\n<title>Mentions l\u00e9gales - Mecasols - Conception &amp; r\u00e9alisation de sols industriels - Dallages &amp; b\u00e9ton de sols d\u00e9coratifs<\/title>\n<meta name=\"robots\" content=\"index, follow, max-snippet:-1, max-image-preview:large, max-video-preview:-1\" \/>\n<link rel=\"canonical\" href=\"https:\/\/mecasols.com\/index.php\/politique-de-confidentialite\/\" \/>\n<meta property=\"og:locale\" content=\"fr_FR\" \/>\n<meta property=\"og:type\" content=\"article\" \/>\n<meta property=\"og:title\" content=\"Mentions l\u00e9gales - Mecasols - Conception &amp; r\u00e9alisation de sols industriels - Dallages &amp; b\u00e9ton de sols d\u00e9coratifs\" \/>\n<meta property=\"og:description\" content=\"Qui sommes-nous&nbsp;? \u2022 Raison sociale : Mecasols \u2022 Forme juridique : SAS\u2022 Capital social :\u00a025 000 \u20ac\u2022 Si\u00e8ge social : Front de Taille &#8211; Laives &hellip;\" \/>\n<meta property=\"og:url\" content=\"https:\/\/mecasols.com\/index.php\/politique-de-confidentialite\/\" \/>\n<meta property=\"og:site_name\" content=\"Mecasols - Conception &amp; r\u00e9alisation de sols industriels - Dallages &amp; b\u00e9ton de sols d\u00e9coratifs\" \/>\n<meta property=\"article:modified_time\" content=\"2022-02-28T17:21:44+00:00\" \/>\n<meta name=\"twitter:card\" content=\"summary_large_image\" \/>\n<meta name=\"twitter:label1\" content=\"Dur\u00e9e de lecture estim\u00e9e\" \/>\n\t<meta name=\"twitter:data1\" content=\"2 minutes\" \/>\n<script type=\"application\/ld+json\" class=\"yoast-schema-graph\">{\"@context\":\"https:\/\/schema.org\",\"@graph\":[{\"@type\":\"WebSite\",\"@id\":\"https:\/\/mecasols.com\/#website\",\"url\":\"https:\/\/mecasols.com\/\",\"name\":\"Mecasols - Conception &amp; r\u00e9alisation de sols industriels - Dallages &amp; b\u00e9ton de sols d\u00e9coratifs\",\"description\":\"Mecasols -Conception &amp; r\u00e9alisation de sols industriels - Dallages &amp; b\u00e9ton de sols d\u00e9coratifs\",\"potentialAction\":[{\"@type\":\"SearchAction\",\"target\":{\"@type\":\"EntryPoint\",\"urlTemplate\":\"https:\/\/mecasols.com\/?s={search_term_string}\"},\"query-input\":\"required name=search_term_string\"}],\"inLanguage\":\"fr-FR\"},{\"@type\":\"WebPage\",\"@id\":\"https:\/\/mecasols.com\/index.php\/politique-de-confidentialite\/#webpage\",\"url\":\"https:\/\/mecasols.com\/index.php\/politique-de-confidentialite\/\",\"name\":\"Mentions l\u00e9gales - Mecasols - Conception &amp; r\u00e9alisation de sols industriels - Dallages &amp; b\u00e9ton de sols d\u00e9coratifs\",\"isPartOf\":{\"@id\":\"https:\/\/mecasols.com\/#website\"},\"datePublished\":\"2022-02-18T11:15:14+00:00\",\"dateModified\":\"2022-02-28T17:21:44+00:00\",\"breadcrumb\":{\"@id\":\"https:\/\/mecasols.com\/index.php\/politique-de-confidentialite\/#breadcrumb\"},\"inLanguage\":\"fr-FR\",\"potentialAction\":[{\"@type\":\"ReadAction\",\"target\":[\"https:\/\/mecasols.com\/index.php\/politique-de-confidentialite\/\"]}]},{\"@type\":\"BreadcrumbList\",\"@id\":\"https:\/\/mecasols.com\/index.php\/politique-de-confidentialite\/#breadcrumb\",\"itemListElement\":[{\"@type\":\"ListItem\",\"position\":1,\"name\":\"Accueil\",\"item\":\"https:\/\/mecasols.com\/\"},{\"@type\":\"ListItem\",\"position\":2,\"name\":\"Mentions l\u00e9gales\"}]}]}<\/script>\n<!-- \/ Yoast SEO plugin. -->","yoast_head_json":{"title":"Mentions l\u00e9gales - Mecasols - Conception &amp; r\u00e9alisation de sols industriels - Dallages &amp; b\u00e9ton de sols d\u00e9coratifs","robots":{"index":"index","follow":"follow","max-snippet":"max-snippet:-1","max-image-preview":"max-image-preview:large","max-video-preview":"max-video-preview:-1"},"canonical":"https:\/\/mecasols.com\/index.php\/politique-de-confidentialite\/","og_locale":"fr_FR","og_type":"article","og_title":"Mentions l\u00e9gales - Mecasols - Conception &amp; r\u00e9alisation de sols industriels - Dallages &amp; b\u00e9ton de sols d\u00e9coratifs","og_description":"Qui sommes-nous&nbsp;? \u2022 Raison sociale : Mecasols \u2022 Forme juridique : SAS\u2022 Capital social :\u00a025 000 \u20ac\u2022 Si\u00e8ge social : Front de Taille &#8211; Laives &hellip;","og_url":"https:\/\/mecasols.com\/index.php\/politique-de-confidentialite\/","og_site_name":"Mecasols - Conception &amp; r\u00e9alisation de sols industriels - Dallages &amp; b\u00e9ton de sols d\u00e9coratifs","article_modified_time":"2022-02-28T17:21:44+00:00","twitter_card":"summary_large_image","twitter_misc":{"Dur\u00e9e de lecture estim\u00e9e":"2 minutes"},"schema":{"@context":"https:\/\/schema.org","@graph":[{"@type":"WebSite","@id":"https:\/\/mecasols.com\/#website","url":"https:\/\/mecasols.com\/","name":"Mecasols - Conception &amp; r\u00e9alisation de sols industriels - Dallages &amp; b\u00e9ton de sols d\u00e9coratifs","description":"Mecasols -Conception &amp; r\u00e9alisation de sols industriels - Dallages &amp; b\u00e9ton de sols d\u00e9coratifs","potentialAction":[{"@type":"SearchAction","target":{"@type":"EntryPoint","urlTemplate":"https:\/\/mecasols.com\/?s={search_term_string}"},"query-input":"required name=search_term_string"}],"inLanguage":"fr-FR"},{"@type":"WebPage","@id":"https:\/\/mecasols.com\/index.php\/politique-de-confidentialite\/#webpage","url":"https:\/\/mecasols.com\/index.php\/politique-de-confidentialite\/","name":"Mentions l\u00e9gales - Mecasols - Conception &amp; r\u00e9alisation de sols industriels - Dallages &amp; b\u00e9ton de sols d\u00e9coratifs","isPartOf":{"@id":"https:\/\/mecasols.com\/#website"},"datePublished":"2022-02-18T11:15:14+00:00","dateModified":"2022-02-28T17:21:44+00:00","breadcrumb":{"@id":"https:\/\/mecasols.com\/index.php\/politique-de-confidentialite\/#breadcrumb"},"inLanguage":"fr-FR","potentialAction":[{"@type":"ReadAction","target":["https:\/\/mecasols.com\/index.php\/politique-de-confidentialite\/"]}]},{"@type":"BreadcrumbList","@id":"https:\/\/mecasols.com\/index.php\/politique-de-confidentialite\/#breadcrumb","itemListElement":[{"@type":"ListItem","position":1,"name":"Accueil","item":"https:\/\/mecasols.com\/"},{"@type":"ListItem","position":2,"name":"Mentions l\u00e9gales"}]}]}},"_links":{"self":[{"href":"https:\/\/mecasols.com\/index.php\/wp-json\/wp\/v2\/pages\/3","targetHints":{"allow":["GET"]}}],"collection":[{"href":"https:\/\/mecasols.com\/index.php\/wp-json\/wp\/v2\/pages"}],"about":[{"href":"https:\/\/mecasols.com\/index.php\/wp-json\/wp\/v2\/types\/page"}],"author":[{"embeddable":true,"href":"https:\/\/mecasols.com\/index.php\/wp-json\/wp\/v2\/users\/1"}],"replies":[{"embeddable":true,"href":"https:\/\/mecasols.com\/index.php\/wp-json\/wp\/v2\/comments?post=3"}],"version-history":[{"count":11,"href":"https:\/\/mecasols.com\/index.php\/wp-json\/wp\/v2\/pages\/3\/revisions"}],"predecessor-version":[{"id":250,"href":"https:\/\/mecasols.com\/index.php\/wp-json\/wp\/v2\/pages\/3\/revisions\/250"}],"wp:attachment":[{"href":"https:\/\/mecasols.com\/index.php\/wp-json\/wp\/v2\/media?parent=3"}],"curies":[{"name":"wp","href":"https:\/\/api.w.org\/{rel}","templated":true}]}}